{"id":48,"date":"2023-12-20T21:22:10","date_gmt":"2023-12-20T20:22:10","guid":{"rendered":"http:\/\/qqbglpk.cluster030.hosting.ovh.net\/?page_id=48"},"modified":"2024-11-07T10:47:31","modified_gmt":"2024-11-07T09:47:31","slug":"mon-metier","status":"publish","type":"page","link":"https:\/\/financesselection.fr\/index.php\/mon-metier\/","title":{"rendered":"MON M\u00c9TIER"},"content":{"rendered":"\t\t<div data-elementor-type=\"wp-page\" data-elementor-id=\"48\" class=\"elementor elementor-48\">\n\t\t\t\t<div class=\"elementor-element elementor-element-1ca639b0 e-con-full e-flex e-con e-parent\" data-id=\"1ca639b0\" data-element_type=\"container\" data-settings=\"{&quot;background_background&quot;:&quot;classic&quot;}\">\n\t\t<div class=\"elementor-element elementor-element-5ded6834 e-con-full e-flex e-con e-child\" data-id=\"5ded6834\" data-element_type=\"container\">\n\t\t\t\t<div class=\"elementor-element elementor-element-2d6f9226 elementor-widget elementor-widget-image\" data-id=\"2d6f9226\" data-element_type=\"widget\" data-widget_type=\"image.default\">\n\t\t\t\t<div class=\"elementor-widget-container\">\n\t\t\t\t\t\t\t\t\t\t\t\t\t<img fetchpriority=\"high\" decoding=\"async\" width=\"1024\" height=\"682\" src=\"https:\/\/financesselection.fr\/wp-content\/uploads\/2023\/12\/laptop-3196481_1280-1024x682.jpg\" class=\"attachment-large size-large wp-image-214\" alt=\"\" srcset=\"https:\/\/financesselection.fr\/wp-content\/uploads\/2023\/12\/laptop-3196481_1280-1024x682.jpg 1024w, https:\/\/financesselection.fr\/wp-content\/uploads\/2023\/12\/laptop-3196481_1280-300x200.jpg 300w, https:\/\/financesselection.fr\/wp-content\/uploads\/2023\/12\/laptop-3196481_1280-768x512.jpg 768w, https:\/\/financesselection.fr\/wp-content\/uploads\/2023\/12\/laptop-3196481_1280.jpg 1280w\" sizes=\"(max-width: 1024px) 100vw, 1024px\" \/>\t\t\t\t\t\t\t\t\t\t\t\t\t<\/div>\n\t\t\t\t<\/div>\n\t\t\t\t<\/div>\n\t\t<div class=\"elementor-element elementor-element-285e98e9 e-con-full e-flex e-con e-child\" data-id=\"285e98e9\" data-element_type=\"container\">\n\t\t\t\t<div class=\"elementor-element elementor-element-4e069c3d elementor-widget elementor-widget-heading\" data-id=\"4e069c3d\" data-element_type=\"widget\" data-widget_type=\"heading.default\">\n\t\t\t\t<div class=\"elementor-widget-container\">\n\t\t\t<h1 class=\"elementor-heading-title elementor-size-default\">Votre conseiller financier au Bailleul<\/h1>\t\t<\/div>\n\t\t\t\t<\/div>\n\t\t\t\t<div class=\"elementor-element elementor-element-5257655c elementor-widget elementor-widget-text-editor\" data-id=\"5257655c\" data-element_type=\"widget\" data-widget_type=\"text-editor.default\">\n\t\t\t\t<div class=\"elementor-widget-container\">\n\t\t\t\t\t\t\t<p>Je vous conseille et je vous accompagne dans la gestion de votre patrimoine et dans vos investissements financiers.<\/p>\t\t\t\t\t\t<\/div>\n\t\t\t\t<\/div>\n\t\t\t\t<\/div>\n\t\t\t\t<\/div>\n\t\t<div class=\"elementor-element elementor-element-a38c818 e-flex e-con-boxed e-con e-parent\" data-id=\"a38c818\" data-element_type=\"container\">\n\t\t\t\t\t<div class=\"e-con-inner\">\n\t\t\t\t<div class=\"elementor-element elementor-element-467b64f elementor-widget elementor-widget-spacer\" data-id=\"467b64f\" data-element_type=\"widget\" data-widget_type=\"spacer.default\">\n\t\t\t\t<div class=\"elementor-widget-container\">\n\t\t\t\t\t<div class=\"elementor-spacer\">\n\t\t\t<div class=\"elementor-spacer-inner\"><\/div>\n\t\t<\/div>\n\t\t\t\t<\/div>\n\t\t\t\t<\/div>\n\t\t\t\t\t<\/div>\n\t\t\t\t<\/div>\n\t\t<div class=\"elementor-element elementor-element-32012aa e-flex e-con-boxed e-con e-parent\" data-id=\"32012aa\" data-element_type=\"container\">\n\t\t\t\t\t<div class=\"e-con-inner\">\n\t\t<div class=\"elementor-element elementor-element-01db23e e-con-full e-flex e-con e-child\" data-id=\"01db23e\" data-element_type=\"container\">\n\t\t\t\t<div class=\"elementor-element elementor-element-9c36e14 elementor-widget elementor-widget-heading\" data-id=\"9c36e14\" data-element_type=\"widget\" data-widget_type=\"heading.default\">\n\t\t\t\t<div class=\"elementor-widget-container\">\n\t\t\t<h2 class=\"elementor-heading-title elementor-size-default\">Votre conseiller financier<\/h2>\t\t<\/div>\n\t\t\t\t<\/div>\n\t\t\t\t<div class=\"elementor-element elementor-element-48814cb elementor-widget elementor-widget-text-editor\" data-id=\"48814cb\" data-element_type=\"widget\" data-widget_type=\"text-editor.default\">\n\t\t\t\t<div class=\"elementor-widget-container\">\n\t\t\t\t\t\t\t<p>Exer\u00e7ant depuis pr\u00e8s de 26 ans, dont 22 \u00e0 la t\u00eate de mon propre cabinet, j\u2019ai acquis une solide exp\u00e9rience du m\u00e9tier. Avec Michel Aguilar, cofondateur du cabinet, aujourd\u2019hui \u00e0 la retraite, nous avons surmont\u00e9 plusieurs crises et nous avons vu d\u00e9filer bien des modes et des produits miracles. Tout cela a forg\u00e9 nos m\u00e9thodes de travail, et nous les avons am\u00e9lior\u00e9es chaque ann\u00e9e au fil de nos exp\u00e9riences et des \u00e9volutions environnementales. Le temps nous a \u00e9galement permis de s\u00e9lectionner nos partenaires.<\/p><p>Bas\u00e9 initialement en Mayenne, notre cabinet est d\u00e9sormais domicili\u00e9 au Bailleul, en Sarthe. Je travaille actuellement seul.<\/p>\t\t\t\t\t\t<\/div>\n\t\t\t\t<\/div>\n\t\t\t\t<\/div>\n\t\t<div class=\"elementor-element elementor-element-07d1b0d e-con-full e-flex e-con e-child\" data-id=\"07d1b0d\" data-element_type=\"container\">\n\t\t\t\t<div class=\"elementor-element elementor-element-4a12728 elementor-position-top elementor-widget elementor-widget-image-box\" data-id=\"4a12728\" data-element_type=\"widget\" data-widget_type=\"image-box.default\">\n\t\t\t\t<div class=\"elementor-widget-container\">\n\t\t\t<div class=\"elementor-image-box-wrapper\"><figure class=\"elementor-image-box-img\"><img decoding=\"async\" width=\"227\" height=\"244\" src=\"https:\/\/financesselection.fr\/wp-content\/uploads\/2023\/12\/p1000211-e1703160176730.jpg\" class=\"attachment-full size-full wp-image-41\" alt=\"\" \/><\/figure><div class=\"elementor-image-box-content\"><h3 class=\"elementor-image-box-title\">Olivier LE ROUX<\/h3><p class=\"elementor-image-box-description\">Fort d'une exp\u00e9rience dans la gestion de patrimoine de plus de 25 ans, je vous propose mon expertise. Membre de la Chambre Nationale des Conseils en Gestion de Patrimoine depuis 2005. <\/p><\/div><\/div>\t\t<\/div>\n\t\t\t\t<\/div>\n\t\t\t\t<\/div>\n\t\t<div class=\"elementor-element elementor-element-aec7552 e-con-full e-flex e-con e-child\" data-id=\"aec7552\" data-element_type=\"container\">\n\t\t\t\t<div class=\"elementor-element elementor-element-9aee966 elementor-position-top elementor-widget elementor-widget-image-box\" data-id=\"9aee966\" data-element_type=\"widget\" data-widget_type=\"image-box.default\">\n\t\t\t\t<div class=\"elementor-widget-container\">\n\t\t\t<div class=\"elementor-image-box-wrapper\"><figure class=\"elementor-image-box-img\"><img decoding=\"async\" width=\"227\" height=\"236\" src=\"https:\/\/financesselection.fr\/wp-content\/uploads\/2023\/12\/photomichel2-e1702296109972.jpg\" class=\"attachment-full size-full wp-image-42\" alt=\"\" \/><\/figure><div class=\"elementor-image-box-content\"><h3 class=\"elementor-image-box-title\">Michel AGUILAR<\/h3><p class=\"elementor-image-box-description\">Apr\u00e8s 22 ans au service des clients du cabinet, il profite depuis peu d'une retraite bien m\u00e9rit\u00e9e.<\/p><\/div><\/div>\t\t<\/div>\n\t\t\t\t<\/div>\n\t\t\t\t<\/div>\n\t\t\t\t\t<\/div>\n\t\t\t\t<\/div>\n\t\t<div class=\"elementor-element elementor-element-9618d5e e-flex e-con-boxed e-con e-parent\" data-id=\"9618d5e\" data-element_type=\"container\">\n\t\t\t\t\t<div class=\"e-con-inner\">\n\t\t\t\t<div class=\"elementor-element elementor-element-d0fd4a6 elementor-widget elementor-widget-spacer\" data-id=\"d0fd4a6\" data-element_type=\"widget\" data-widget_type=\"spacer.default\">\n\t\t\t\t<div class=\"elementor-widget-container\">\n\t\t\t\t\t<div class=\"elementor-spacer\">\n\t\t\t<div class=\"elementor-spacer-inner\"><\/div>\n\t\t<\/div>\n\t\t\t\t<\/div>\n\t\t\t\t<\/div>\n\t\t\t\t\t<\/div>\n\t\t\t\t<\/div>\n\t\t<div class=\"elementor-element elementor-element-54546ebc e-con-full e-flex e-con e-parent\" data-id=\"54546ebc\" data-element_type=\"container\" data-settings=\"{&quot;background_background&quot;:&quot;classic&quot;}\">\n\t\t<div class=\"elementor-element elementor-element-11e4435b e-con-full e-flex e-con e-child\" data-id=\"11e4435b\" data-element_type=\"container\">\n\t\t\t\t<div class=\"elementor-element elementor-element-c371b47 elementor-widget elementor-widget-heading\" data-id=\"c371b47\" data-element_type=\"widget\" data-widget_type=\"heading.default\">\n\t\t\t\t<div class=\"elementor-widget-container\">\n\t\t\t<h2 class=\"elementor-heading-title elementor-size-default\">Document d'entr\u00e9e en relation<\/h2>\t\t<\/div>\n\t\t\t\t<\/div>\n\t\t\t\t<div class=\"elementor-element elementor-element-de45c67 elementor-widget elementor-widget-text-editor\" data-id=\"de45c67\" data-element_type=\"widget\" data-widget_type=\"text-editor.default\">\n\t\t\t\t<div class=\"elementor-widget-container\">\n\t\t\t\t\t\t\t<div class=\"elementor-element elementor-element-580eda8c elementor-widget elementor-widget-text-editor\" data-id=\"580eda8c\" data-element_type=\"widget\" data-widget_type=\"text-editor.default\"><div class=\"elementor-widget-container\"><div id=\"m3432\" class=\"module text\"><p class=\"bodytext\">Dans le respect des lois en vigueur et dans un souci de transparence, je vous propose de t\u00e9l\u00e9charger mon document d\u2019entr\u00e9e en relation.<\/p><\/div><div id=\"m1441\" class=\"module text\"><p class=\"bodytext\">N\u2019h\u00e9sitez pas \u00e0 me\u00a0 contacter pour toutes questions concernant ce document.<\/p><\/div><\/div><\/div>\t\t\t\t\t\t<\/div>\n\t\t\t\t<\/div>\n\t\t\t\t<div class=\"elementor-element elementor-element-9176277 elementor-widget elementor-widget-button\" data-id=\"9176277\" data-element_type=\"widget\" data-widget_type=\"button.default\">\n\t\t\t\t<div class=\"elementor-widget-container\">\n\t\t\t\t\t\t\t<div class=\"elementor-button-wrapper\">\n\t\t\t\t\t<a class=\"elementor-button elementor-button-link elementor-size-sm\" href=\"https:\/\/financesselection.fr\/wp-content\/uploads\/2024\/11\/DER-06-2023_1_.pdf\">\n\t\t\t\t\t\t<span class=\"elementor-button-content-wrapper\">\n\t\t\t\t\t\t\t\t\t<span class=\"elementor-button-text\">Document d'entr\u00e9e en relation<\/span>\n\t\t\t\t\t<\/span>\n\t\t\t\t\t<\/a>\n\t\t\t\t<\/div>\n\t\t\t\t\t\t<\/div>\n\t\t\t\t<\/div>\n\t\t\t\t<div class=\"elementor-element elementor-element-c95bb94 elementor-widget elementor-widget-button\" data-id=\"c95bb94\" data-element_type=\"widget\" data-widget_type=\"button.default\">\n\t\t\t\t<div class=\"elementor-widget-container\">\n\t\t\t\t\t\t\t<div class=\"elementor-button-wrapper\">\n\t\t\t\t\t<a class=\"elementor-button elementor-button-link elementor-size-sm\" href=\"https:\/\/financesselection.fr\/index.php\/contact\/\">\n\t\t\t\t\t\t<span class=\"elementor-button-content-wrapper\">\n\t\t\t\t\t\t\t\t\t<span class=\"elementor-button-text\">Posez-moi vos questions<\/span>\n\t\t\t\t\t<\/span>\n\t\t\t\t\t<\/a>\n\t\t\t\t<\/div>\n\t\t\t\t\t\t<\/div>\n\t\t\t\t<\/div>\n\t\t\t\t<\/div>\n\t\t<div class=\"elementor-element elementor-element-307ff824 e-con-full e-flex e-con e-child\" data-id=\"307ff824\" data-element_type=\"container\">\n\t\t<div class=\"elementor-element elementor-element-0b57d5a e-flex e-con-boxed e-con e-child\" data-id=\"0b57d5a\" data-element_type=\"container\">\n\t\t\t\t\t<div class=\"e-con-inner\">\n\t\t\t\t<div class=\"elementor-element elementor-element-cf7797c elementor-widget elementor-widget-image\" data-id=\"cf7797c\" data-element_type=\"widget\" data-widget_type=\"image.default\">\n\t\t\t\t<div class=\"elementor-widget-container\">\n\t\t\t\t\t\t\t\t\t\t\t\t\t<img loading=\"lazy\" decoding=\"async\" width=\"1024\" height=\"520\" src=\"https:\/\/financesselection.fr\/wp-content\/uploads\/2023\/12\/shaking-hands-3091906_1280-1024x520.jpg\" class=\"attachment-large size-large wp-image-218\" alt=\"\" srcset=\"https:\/\/financesselection.fr\/wp-content\/uploads\/2023\/12\/shaking-hands-3091906_1280-1024x520.jpg 1024w, https:\/\/financesselection.fr\/wp-content\/uploads\/2023\/12\/shaking-hands-3091906_1280-300x152.jpg 300w, https:\/\/financesselection.fr\/wp-content\/uploads\/2023\/12\/shaking-hands-3091906_1280-768x390.jpg 768w, https:\/\/financesselection.fr\/wp-content\/uploads\/2023\/12\/shaking-hands-3091906_1280.jpg 1280w\" sizes=\"(max-width: 1024px) 100vw, 1024px\" \/>\t\t\t\t\t\t\t\t\t\t\t\t\t<\/div>\n\t\t\t\t<\/div>\n\t\t\t\t\t<\/div>\n\t\t\t\t<\/div>\n\t\t\t\t<\/div>\n\t\t\t\t<\/div>\n\t\t\t\t<\/div>\n\t\t","protected":false},"excerpt":{"rendered":"<p>Votre conseiller financier au Bailleul Je vous conseille et je vous accompagne dans la gestion de votre patrimoine et dans vos investissements financiers. Votre conseiller financier Exer\u00e7ant depuis pr\u00e8s de 26 ans, dont 22 \u00e0 la t\u00eate de mon propre cabinet, j\u2019ai acquis une solide exp\u00e9rience du m\u00e9tier. Avec Michel Aguilar, cofondateur du cabinet, aujourd\u2019hui [&hellip;]<\/p>\n","protected":false},"author":1,"featured_media":0,"parent":0,"menu_order":0,"comment_status":"closed","ping_status":"closed","template":"elementor_header_footer","meta":{"footnotes":""},"class_list":["post-48","page","type-page","status-publish","hentry"],"_links":{"self":[{"href":"https:\/\/financesselection.fr\/index.php\/wp-json\/wp\/v2\/pages\/48","targetHints":{"allow":["GET"]}}],"collection":[{"href":"https:\/\/financesselection.fr\/index.php\/wp-json\/wp\/v2\/pages"}],"about":[{"href":"https:\/\/financesselection.fr\/index.php\/wp-json\/wp\/v2\/types\/page"}],"author":[{"embeddable":true,"href":"https:\/\/financesselection.fr\/index.php\/wp-json\/wp\/v2\/users\/1"}],"replies":[{"embeddable":true,"href":"https:\/\/financesselection.fr\/index.php\/wp-json\/wp\/v2\/comments?post=48"}],"version-history":[{"count":80,"href":"https:\/\/financesselection.fr\/index.php\/wp-json\/wp\/v2\/pages\/48\/revisions"}],"predecessor-version":[{"id":462,"href":"https:\/\/financesselection.fr\/index.php\/wp-json\/wp\/v2\/pages\/48\/revisions\/462"}],"wp:attachment":[{"href":"https:\/\/financesselection.fr\/index.php\/wp-json\/wp\/v2\/media?parent=48"}],"curies":[{"name":"wp","href":"https:\/\/api.w.org\/{rel}","templated":true}]}}